{"id":13,"date":"2015-12-22T21:41:58","date_gmt":"2015-12-22T20:41:58","guid":{"rendered":"http:\/\/aquavac.naomy.ca\/en\/?page_id=13"},"modified":"2016-02-08T20:45:42","modified_gmt":"2016-02-08T19:45:42","slug":"about-us","status":"publish","type":"page","link":"https:\/\/aqua-vac.net\/en\/about-us\/","title":{"rendered":"About Us"},"content":{"rendered":"<div class=\"row equipe\">\n<div class=\"col-md-6\">\n<img loading=\"lazy\" decoding=\"async\" width=\"740\" height=\"575\" src=\"http:\/\/aqua-vac.net\/wp-content\/uploads\/2015\/12\/015.jpg\" alt=\"015\" class=\"alignnone size-full wp-image-208\" srcset=\"https:\/\/aqua-vac.net\/wp-content\/uploads\/2015\/12\/015.jpg 740w, https:\/\/aqua-vac.net\/wp-content\/uploads\/2015\/12\/015-250x194.jpg 250w, https:\/\/aqua-vac.net\/wp-content\/uploads\/2015\/12\/015-700x544.jpg 700w, https:\/\/aqua-vac.net\/wp-content\/uploads\/2015\/12\/015-120x93.jpg 120w\" sizes=\"auto, (max-width: 740px) 100vw, 740px\" \/>\n<\/div>\n<div class=\"col-md-6\">\n<h2>Our <span>Mission<\/span><\/h2>\n<p>You suffered a loss by fire, smoke, sewers or water damage, Aqua-Vac has the right equipment and the expertise to clean and repair all the damage. No matter the size of the decontamination mandate, Aqua-vac has what it takes to help you and round the clock, 7 days 7.<\/p>\n<p>We&#8217;re offering a solid and diversified expertise acquired through many years of experience in decontamination, in post-disaster and reconstruction. This is what makes our skilled teams of professionals can help you quickly, efficiently, while making you benefit from their advice throughout the project.\n<\/p><\/div>\n<\/div>\n<p>From your first call, a clear and effective cleanup plan will be proposed to optimize time and money while maintaining very high quality standards to carry out your work.<\/p>\n<p>The team of professional restorers Aquavac master the latest specialized technologies for decontamination (asbestos, mold, sewage, fire, vermin, etc.). In addition, disinfectants and other products we use are the best performers in the industry, making our team the best choice for decontamination, whether for asbestos removal, anti mold or other.<\/p>\n<p>We will support any type of decontamination as needed and can even take care of the reconstruction, renovation and improvement of your spaces.<\/p>\n<h3 class=\"big\">For thorough cleaning, use Aquavac and get the best price-quality ratio in the industry<\/h3>\n<p>For cleaning disaster, Aquavac is a reference to Quebec and is distinguished from its competitors with a personalized, discreet and courteous. Our employees are carefully trained continuously and use modern equipment of the highest performance that allow us even restore your furniture, documents or other items of your property that were damaged.<\/p>\n<p>Indeed, we know exactly what to do and have the equipment and appropriate expertise for optimal cleaning after disaster.\t<\/p>\n<p>This way we are able to offer a complete service customized hand and optimized to meet your expectations and more. Whether for industrial, commercial or residential, our decontamination services, mold and construction are available.<\/p>\n<p><a href=\"\/en\/price-request\/\" class=\"btn btn-vert\" >Contact our experts&#8230;<\/a><\/p>\n<p>&#8230;in inspection and assessment of the building to get a free quote now.<\/p>\n<p>We offer solutions tailored to your situation and strive to provide a cleaning service and impeccable after complete disaster while reducing requests for extras. So you can trust us with cleaning your home, business or industry with confidence.<\/p>\n<h2>Notre \u00c9quipe<\/h2>\n<div class=\"row equipe\">\n<div class=\"col-md-6\">\n<img decoding=\"async\" src=\"\/wp-content\/uploads\/2015\/12\/jean.jpg\" alt=\"jean\" class=\"img-thumbnail\" \/>\n<\/div>\n<div class=\"col-md-6\">\n<h3>Jean W. Cloutier<\/h3>\n<p><i>Directeur des op\u00e9rations<\/i><\/p>\n<p>Poss\u00e9dant plus de 25 ans d\u2019exp\u00e9rience dans l\u2019industrie de la construction, de la d\u00e9contamination et des moisissures, M. Jean Cloutier est l\u2019un des seuls au Qu\u00e9bec \u00e0 allier autant de connaissances et de savoir-faire \u00e0 un seul endroit. Depuis ses d\u00e9buts dans l\u2019industrie de la construction, il acquiert une vaste expertise et d\u00e9veloppe ses connaissances de fa\u00e7on constante de mani\u00e8re \u00e0 pouvoir offrir le meilleur service possible \u00e0 ses clients.<\/p>\n<p>\u00c0 travers les ann\u00e9es et particuli\u00e8rement depuis la fondation d\u2019Aqua-Vac en 1999, le focus de M. Cloutier demeures tr\u00e8s claires et ses instructions sur les chantiers en t\u00e9moigne : le travail doit \u00eatre de qualit\u00e9 sup\u00e9rieure et les clients d\u2019Aqua-Vac doivent demeurer satisfaits en tout point!<\/p>\n<p>Au Qu\u00e9bec, son expertise unifiant plusieurs discipline et aspects divers de la construction est tr\u00e8s rare. En effet, qu\u2019on parle d\u2019\u00e9lectricit\u00e9, de plomberie, d\u2019\u00e9tanch\u00e9isation, de structure de b\u00e2timent ou de diagnostiques complexes, M. Cloutier est en mesure de mettre en place les solutions les plus efficaces afin de r\u00e9gler tout vos besoins de d\u00e9contamination, de r\u00e9novation ou d\u2019apr\u00e8s-sinistre.\n<\/p><\/div>\n<\/div>\n<div class=\"row equipe\">\n<div class=\"col-md-6\">\n<img decoding=\"async\" src=\"\/wp-content\/uploads\/2015\/12\/louis.jpg\" alt=\"louis\" class=\"img-thumbnail\" \/><\/p>\n<\/div>\n<div class=\"col-md-6\">\n<h3>Louis Roy<\/h3>\n<p><i>Chef de division \u2013 Services apr\u00e8s-sinistre<\/i><\/p>\n<p>D\u00e9butant il y a pr\u00e8s de 25 ans dans le domaine de l\u2019apr\u00e8s-sinistre, M. Louis Roy a su diversifier ses connaissances au fil des ann\u00e9es en suivant une panoplie de formation certifi\u00e9 par l\u2019IICRC (Institut de certification d\u2019inspection, de restauration et de nettoyage) touchant de pr\u00e8s ou de loin plusieurs division de l\u2019apr\u00e8s-sinistre tel que le s\u00e9chage Restauratif avanc\u00e9, Contr\u00f4le des odeurs, restauration apr\u00e8s dommage caus\u00e9e par le feu et la fum\u00e9e, la d\u00e9contamination microbienne, et plus encore.<\/p>\n<p>M. Roy s\u2019est \u00e9galement sp\u00e9cialis\u00e9 en urgences apr\u00e8s-sinistre et la restauration du contenu, sa m\u00e9thodologie d\u2019interventions et ses connaissances dans le domaine lui ont permis de travailler chez un des plus grandes compagnies d\u2019assurance au pays. Il en r\u00e9sulte que sa m\u00e9thodologie, sa rapidit\u00e9 d\u2019intervention et l\u2019efficacit\u00e9 de ses m\u00e9thodes sont dor\u00e9navant synonyme de succ\u00e8s dans le milieu des assurances.\n<\/p><\/div>\n<\/div>\n","protected":false},"excerpt":{"rendered":"Our Mission You suffered a loss by fire, smoke, sewers or water damage, Aqua-Vac has the right equipment and the expertise to clean and repair all the damage. No matter the size of the decontamination mandate, Aqua-vac has what it takes to help you and round the clock, 7 days 7. We&#8217;re offering a solid&#8230; <a class=\"view-article\" href=\"https:\/\/aqua-vac.net\/en\/about-us\/\">View Article<\/a>","protected":false},"author":1,"featured_media":0,"parent":0,"menu_order":0,"comment_status":"closed","ping_status":"closed","template":"","meta":{"footnotes":""},"class_list":["post-13","page","type-page","status-publish","hentry"],"_links":{"self":[{"href":"https:\/\/aqua-vac.net\/en\/wp-json\/wp\/v2\/pages\/13\/"}],"collection":[{"href":"https:\/\/aqua-vac.net\/en\/wp-json\/wp\/v2\/pages\/"}],"about":[{"href":"https:\/\/aqua-vac.net\/en\/wp-json\/wp\/v2\/types\/page\/"}],"author":[{"embeddable":true,"href":"https:\/\/aqua-vac.net\/en\/wp-json\/wp\/v2\/users\/1\/"}],"replies":[{"embeddable":true,"href":"https:\/\/aqua-vac.net\/en\/wp-json\/wp\/v2\/comments\/?post=13"}],"version-history":[{"count":8,"href":"https:\/\/aqua-vac.net\/en\/wp-json\/wp\/v2\/pages\/13\/revisions\/"}],"predecessor-version":[{"id":220,"href":"https:\/\/aqua-vac.net\/en\/wp-json\/wp\/v2\/pages\/13\/revisions\/220\/"}],"wp:attachment":[{"href":"https:\/\/aqua-vac.net\/en\/wp-json\/wp\/v2\/media\/?parent=13"}],"curies":[{"name":"wp","href":"https:\/\/api.w.org\/{rel}","templated":true}]}}